{"id":51,"date":"2019-07-16T21:00:32","date_gmt":"2019-07-16T21:00:32","guid":{"rendered":"https:\/\/demosites.io\/fitness\/?page_id=51"},"modified":"2025-05-05T11:09:51","modified_gmt":"2025-05-05T08:09:51","slug":"03a0b-fitness-contact","status":"publish","type":"page","link":"http:\/\/shirhokkeyklub.gov.tm\/index.php\/03a0b-fitness-contact\/","title":{"rendered":"Contact"},"content":{"rendered":"<h1>Biz barada<\/h1>\n<h1>\u201c\u015eir\u201d hokke\u00fd klubyny\u0148<br \/>\nTaryhy<\/h1>\n<p>\u201c<em>\u015eir\u201d hokke\u00fd klubyny\u0148<\/em><\/p>\n<p><em>Taryhy<\/em><\/p>\n<p>T\u00fcrkmenistany\u0148 S\u00f6wda we da\u015fary ykdysady aragatna\u015fyklar ministrligini\u0148 garamagyndaky S\u00f6wda toplumyna degi\u015fli bolan \u201c\u015eir\u201d hokke\u00fd kluby 2013-nji \u00fdyly\u0148 4-nji martynda hereket edip ba\u015flady we \u015fol wagt ony\u0148 d\u00fcz\u00fcminde 12-13 \u00fda\u015fdan \u00fdokary bolan hokke\u00fd o\u00fdun\u00e7ylary \u00e7yky\u015f ed\u00fd\u00e4rdi. H\u00e4zir olar \u00fdetginjek hokke\u00fd\u00e7ilere \u00f6wr\u00fcldiler. Hokke\u00fd o\u00fdnuna k\u00e4mille\u015fmek bo\u00fdun\u00e7a \u00fdurdumyzda \u00e4hli \u015fertleri\u0148 d\u00f6redil\u00fd\u00e4ndigi seb\u00e4pli T\u00fcrkmenistany\u0148 S\u00f6wda\u00a0 we da\u015fary ykdysady aragatna\u015fyklar ministrligini\u0148 garamagyndaky S\u00f6wda toplumyna degi\u015fli bolan \u201c\u015eir\u201d hokke\u00fd klubyny\u0148 o\u00fdun\u00e7ylary tiz wagtda taplanyp, gysga wagtda T\u00fcrkmenistany\u0148 \u00f6\u0148debaryjy toparlaryny\u0148 birine \u00f6wr\u00fcldi.<\/p>\n<p>\u201c\u015eir\u201d hokke\u00fd kluby hormatly Prezidentimizi\u0148 2012-nji \u00fdyly\u0148 10-njy fewralynda \u00e7ykaran \u201cT\u00fcrkmenistany\u0148 Prezidentini\u0148 kubogyny almak ugrynda \u00fdetginjekleri\u0148 \u00a0arasynda \u00a0hokke\u00fd bo\u00fdun\u00e7a \u00fdary\u015fy ge\u00e7irmek hakynda\u201d 12045 belgili karary esasynda, \u015fe\u00fdle-de T\u00fcrkmenistany\u0148 Ministrler Kabinetini\u0148 Ba\u015flygyny\u0148 Orunbasaryny\u0148 2012-nji \u00fdyly\u0148 17-nji dekabrynda \u00e7ykaran MH\/02 belgili bu\u00fdrugyna la\u00fdyklykda, T\u00fcrkmenistany\u0148 S\u00f6wda toplumyna degi\u015fli ministrlikleri\u0148 garamagynda d\u00f6redildi.<\/p>\n<p>Hokke\u00fd\u00e7ileri\u0148 ussatlygyny \u00fdokarlandyrmak barada i\u015fleri netijeli guramak, olary\u0148 sport ugrundan hemmetarapla\u00fdyn \u00f6smeginde we sagdyn durmu\u015fy alyp barmakda, \u015fe\u00fdle-de, \u00fdurdumyzda we ony\u0148 \u00e7\u00e4ginden da\u015fynda ge\u00e7iril\u00fd\u00e4n \u00fdary\u015flarda \u00fcst\u00fcnlikli \u00e7yky\u015f etmegini \u00fcpj\u00fcn etmek kluby\u0148 \u00a0\u00f6\u0148\u00fcnde go\u00fdlan esasy wezipeleri\u0148 biri bolup dur\u00fdar. I\u015fl\u00e4p ba\u015flanyndan so\u0148 gysga wagtda yzygiderli\u00a0 we g\u00fc\u00fd\u00e7li depginde t\u00fcrgenle\u015fik i\u015flerine gatna\u015fmak bilen, \u00a0bu hokke\u00fd klubyny\u0148 o\u00fdun\u00e7ylary \u00f6z k\u00e4milliklerini artdyrdylar. \u201c\u015eir\u201d hokke\u00fd klubyny\u0148 agzybir o\u00fdun\u00e7ylary\u00a0 yzygiderli tertipde we g\u00fc\u00fd\u00e7li depginde gury \u00fderde, buzly me\u00fddan\u00e7ada, sport zallarynda alnyp baryl\u00fdan t\u00fcrgenle\u015fik i\u015flerine i\u015fje\u0148 gatna\u015fmak bilen h\u00e4zirki wagtda T\u00fcrkmenistany\u0148 \u00a0\u00f6\u0148debaryjy hokke\u00fd klubyny\u0148 birini emele getirdiler.<\/p>\n<p>\u201c\u015eir\u201d hokke\u00fd klubynda hokke\u00fd o\u00fdun\u00e7ylary ilki 2 sany toparda, \u00fdagny uly we \u00fdetginjek \u00fda\u015fly o\u00fdun\u00e7ylary\u0148 toparynda \u00e7yky\u015f ed\u00fd\u00e4rdiler. \u00ddurdumyzda sporty \u00f6sd\u00fcrmek ugrunda durmu\u015fa ge\u00e7iril\u00fd\u00e4n tagallalary\u0148 netijesinde guralan \u00fdary\u015flara gatna\u015fyp, ba\u00fdrakly orunlara mynasyp bolan \u00a0\u201c\u015eir\u201d hokke\u00fd klubyny\u0148 abra\u00fdy barha art\u00fdar. \u015ee\u00fdle hem kluby\u0148 o\u00fdun\u00e7ylaryny\u0148 sany g\u00fcn geldigi\u00e7e k\u00f6pel\u00fd\u00e4r we h\u00e4zirki wagtda o\u00fdun\u00e7ylar \u00fc\u00e7 toparda, \u00fdagny uly \u00fda\u015fly, \u00fdetginjek \u00fda\u015fly, we ki\u00e7i \u00fda\u015fly toparlarda \u00e7yky\u015f ed\u00fd\u00e4rler.<\/p>\n<p>\u201c\u015eir\u201d hokke\u00fd kluby iki \u00fdyla gola\u00fd wagty\u0148 dowamynda (2013-nji \u00fdyly\u0148 ma\u00fdyndan h\u00e4zirki wagta \u00e7enli) gatna\u015f\u00fdan \u00fdary\u015flaryny\u0148 hemmesinde \u00fdokary netijeleri gazandy.<\/p>\n<p>T\u00fcrkmenistany\u0148 S\u00f6wda\u00a0 we da\u015fary ykdysady aragatna\u015fyklar ministrligini\u0148 garamagyndaky S\u00f6wda toplumyna degi\u015fli bolan \u201c\u015eir\u201d hokke\u00fd kluby 2013-2014-nji \u00fdyllary\u0148 hokke\u00fd m\u00f6ws\u00fcminde T\u00fcrkmenistany\u0148 wise-\u00e7empiony boldy, 2014-nji \u00fdyly\u0148 fewralynda T\u00fcrkmenistany\u0148 Prezidentini\u0148 kubogyny almak ugrundaky \u00fdetginjekleri\u0148 halkara \u00fdary\u015fynda ba\u015f ba\u00fdraga kuboga \u00a0mynasyp boldy.<\/p>\n<p>2013-nji \u00fdyly\u0148 ma\u00fdynda Be\u00fdik Watan\u00e7ylyk ur\u015funda gazanylan \u00dde\u0148\u015fi\u0148 68 \u00fdyllygy mynasybetli guralan pa\u00fdtagtymyzy\u0148 birinjiliginde we T\u00fcrkmenistany\u0148 I\u00e7eri i\u015fler ministrligini\u0148 edaralaryny\u0148 h\u00fcn\u00e4r ba\u00fdramyna bagy\u015flanyp guralan \u00fdary\u015flary\u0148 her birinde 2-nji orny e\u00fdeledi.<\/p>\n<p>2014-nji \u00fdyly\u0148 mart a\u00fdynda T\u00fcrkmenistany\u0148 sport baradaky D\u00f6wlet komitetini\u0148 sport mekdebini\u0148 hokke\u00fd bo\u00fdun\u00e7a a\u00e7yk \u00fdary\u015fynda \u00fde\u0148iji boldy.<\/p>\n<p>2014-nji \u00fdyly\u0148 aprel a\u00fdyny\u0148 25-den 27-i aralygynda saglyk g\u00fcn\u00fcne bagy\u015flanyp ge\u00e7irilen sportu\u0148 \u015fa\u00fdbaly hokke\u00fd g\u00f6rn\u00fc\u015fi bo\u00fdun\u00e7a A\u015fgabat \u015f\u00e4herini\u0148 a\u00e7yk birinjiligi \u00fdary\u015fynda 2-nji orny e\u00fdeledi.<\/p>\n<p>2014-nji \u00fdyly\u0148 25-30-i ma\u00fdynda T\u00fcrkmenistany\u0148 I\u00e7eri i\u015fler edaralaryny\u0148 i\u015fg\u00e4rlerini\u0148 g\u00fcni mynasybetli sportu\u0148 \u201c\u015ea\u00fdbaly hokke\u00fd\u201d g\u00f6rn\u00fc\u015fi bo\u00fdun\u00e7a I\u00e7eri i\u015fler ministrligini\u0148 kubogyny almak ugrunda ge\u00e7irilen \u00fdary\u015fda i\u015fje\u0148 gatna\u015fyp 3-nji orny e\u00fdeledi.<\/p>\n<p>2014-nji \u00fdyly\u0148 15-nji dekabryndan\u00a0 2015-nji \u00fdyly\u0148\u00a0 02-nji i\u00fduny aralygynda erkek toparlary\u0148 arasynda \u015fa\u00fdbaly hokke\u00fd bo\u00fdun\u00e7a T\u00fcrkmenistany\u0148 \u00e7empionatyna gatna\u015fyp, 2-nji orny e\u00fdeledi.<\/p>\n<p>2015-nji \u00fdyly\u0148 21-27-ni ma\u00fdynda\u00a0 T\u00fcrkmenistany\u0148 I\u00e7eri i\u015fler edaralaryny\u0148 i\u015fg\u00e4rlerini\u0148 g\u00fcni mynasybetli ge\u00e7irilen hokke\u00fd bo\u00fdun\u00e7a i\u00e7eri i\u015fler ministrligini\u0148 kubogyny almak ugrynda a\u00e7yk \u00fdary\u015fynda hormatly 1-nji orny e\u00fdeledi.<\/p>\n<p>2015-nji \u00fdyly\u0148 08-nji dekabryndan 2016-njy 28-nji aprel aralygynda erkek toparlary\u0148 arasynda \u015fa\u00fdbaly hokke\u00fd bo\u00fdun\u00e7a T\u00fcrkmenistany\u0148 III \u00e7empionatyna gatna\u015fyp\u00a0 2-nji orny e\u00fdeledi.<\/p>\n<p>2016-njy \u00fdyly\u0148 fewral a\u00fdyny\u0148 12-den 17-si aralygynda \u201cMirasa sarpa go\u00fdmak, Watany \u00f6zgertmek \u00fdyly\u201d we T\u00fcrkmenistany\u0148 D\u00f6wlet ba\u00fddagyny\u0148 g\u00fcn\u00fcne bagy\u015flanyp ge\u00e7irilen sportu\u0148 hokke\u00fd g\u00f6rn\u00fc\u015fi bo\u00fdun\u00e7a \u00fdary\u015fynda 2-nji orny e\u00fdeledi.<\/p>\n<p>2016-njy \u00fdyly\u0148 mart a\u00fdyny\u0148 24-den ba\u015flap aprel a\u00fdyny\u0148 10-na \u00e7enli dowam eden Ki\u00e7i we \u00fdetginjek toparlary\u0148 arasynda \u015fa\u00fdbaly hokky\u00fd bo\u00fdun\u00e7a T\u00fcrkmenistany\u0148 1-nji \u00e7empionatynda \u201c\u015eir-I\u201d topary hormatly 1-nji orny e\u00fdelediler.<\/p>\n<p>2016-2017-nji \u00fdallarda \u00e7agalary\u0148 we \u00fdetginjekler\u00a0 toparlaryny\u0148 arasynda m\u00f6ws\u00fcmle\u00fdin ge\u00e7irilen sportu\u0148 \u015fa\u00fdbaly hokke\u00fd g\u00f6rn\u00fc\u015fi bo\u00fdun\u00e7a A\u015fgabat \u015f\u00e4herini\u0148 a\u00e7yk birinjiliginde\u00a0 2001-2004-nji \u00fdyllarda doglan \u00fdetginjek topary, 2005-2008 nji \u00fdyllarda doglan hokke\u00fd o\u00fdun\u00e7ylary bolsa 1-nji orny e\u00fdelediler.<\/p>\n<p>2017-nji \u00fdyly\u0148 03-09-nji \u00fdanwary aralygynda T\u00fcrkmenistany\u0148 I\u00e7eri i\u015fler ministrligini\u0148 kubogyny almak ugrunda \u201c\u015fa\u00fdbaly hokke\u00fd\u201d bo\u00fdun\u00e7a a\u00e7yk \u00fdary\u015fynda \u201c\u015eir\u201d hokke\u00fd klubyny\u0148 uly topary hormatly 2-nji orny e\u00fdelediler.<\/p>\n<p>\u00c7agalary\u0148 we \u00fdetginjek toparlaryny\u0148 arasynda A\u015fgabat \u015f\u00e4herind\u00e4ki m\u00f6ws\u00fcmle\u00fdin 2018-nji \u00fdylynda \u015fa\u00fdbaly hokke\u00fd o\u00fdunlary\u0148 a\u00e7yk birinjiliginde 2002-2005-2006-2009-njy \u00fdyllar arasynda<\/p>\n<p>2002-2005-nji \u00fdyllarda doglan \u00ddetginjekler topary 1-nji orny<\/p>\n<p>2005-2009-njy \u00fdyllarda doglan \u00c7agalar topary hem 1-nji orny<\/p>\n<p>2005-2009-njy \u00fdyllarda doglan \u201c\u015eir-II\u201d \u00c7agalar topary hem 3-nji orny e\u00fdelediler.<\/p>\n<p>2017-2018 \u00fdyl m\u00f6ws\u00fcmini\u0148 hokke\u00fd bo\u00fdun\u00e7a T\u00fcrkmenistany\u0148 V \u00c7empionatyny\u0148 we Kubogyny almak ugrundaky \u00fdary\u015fynda 3-nji orny e\u00fdelediler.<\/p>\n<p>T\u00fcrkmenistany\u0148 Ulaglar we aragatna\u015fyklar toplumyny\u0148 \u201cAlp-Arslan\u201d hokke\u00fd klubyny\u0148 kubogyny almak ugryndaky 2003-nji \u00fdylda doglanlary\u0148 we ondan ki\u00e7i \u00fda\u015fdaky doglan oglanlary\u0148 arasyndaky \u00fdary\u015fda<\/p>\n<p>\u201c\u015eir-I\u201d topary hormatly 1-nji orny<\/p>\n<p>\u201c\u015eir-II\u201d topary 3-nji orny e\u00fdelediler<\/p>\n<p>A\u015fgabat \u015f\u00e4herini\u0148 Sport mekdebini\u0148 birinjiligini almak ugrundaky sporty\u0148 \u201c\u015fa\u00fdbaly hokke\u00fd\u201d g\u00f6rn\u00fc\u015fi bo\u00fdun\u00e7a \u00fdary\u015fynda 2-nji orny e\u00fdelediler.<\/p>\n<p>2018-2019 \u00fdyllar m\u00f6ws\u00fcminde erkek toparlary\u0148 arasynda T\u00fcrkmenistany\u0148 VI \u00c7empionatynda ba\u00fdrakly orunlaryny\u0148 biri bolan 2-nji orny e\u00fdelediler.<\/p>\n<p>2019-njy \u00fdyl m\u00f6ws\u00fcm \u00fc\u00e7in \u015fa\u00fdbaly hokke\u00fd bo\u00fdun\u00e7a T\u00fcrkmenistany\u0148 birinjiligi almak bo\u00fdun\u00e7a \u00fdary\u015fynda \u201c\u015eir\u201d hokke\u00fd klubyny\u0148 2005-2010-nji \u00fdyllarda doglan \u201c\u015eir\u201d \u00e7agalar toparyny\u0148 ezber hokke\u00fd\u00e7ileri 1-nji orny e\u00fdelemegi ba\u015fardylar.<\/p>\n<p>2019-njy \u00fdyl m\u00f6ws\u00fcm \u00fc\u00e7in \u015fa\u00fdbaly hokke\u00fd bo\u00fdun\u00e7a T\u00fcrkmenistany\u0148 birinjiligi almak bo\u00fdun\u00e7a \u00fdary\u015fynda \u201c\u015eir\u201d hokke\u00fd klubyny\u0148 2003-2004-nji \u00fdyllarda doglan \u201c\u015eir\u201d \u00fdetginjek toparyny\u0148 ezber hokke\u00fd\u00e7ileri 1-nji orny e\u00fdelemegi ba\u015fardylar.<\/p>\n<p>2019-njy \u00fdyly\u0148 sent\u00fdabr a\u00fdynda T\u00fcrkmenistany\u0148 Gara\u015fsyzlygyny\u0148 \u015fanly 28 \u00fdyllyk ba\u00fdram\u00e7ylygyna bagy\u015flanyp \u015fa\u00fdbaly hokke\u00fd bo\u00fdun\u00e7a \u00e7agalary\u0148 we \u00fdetginjek \u00fda\u015fly toparlary\u0148\u00a0 arasynda\u00a0 ge\u00e7irilen birinjiligi almak bo\u00fdun\u00e7a \u00fdary\u015fa gatna\u015fyp, ba\u00fdrakly 1-nji orna mynasyp bolandygyny, \u00fdary\u015fy\u0148 Kubogyny, hormat hatyny we medaly bilen sylaglanandylar, hem-de ge\u00e7irilen du\u015fu\u015fyklary\u0148 i\u0148 \u00f6kde derwezeban\u00e7ysy, gorag\u00e7ysy, we h\u00fcj\u00fcm\u00e7isi di\u00fden ady ezber hokke\u00fd\u00e7ilermiz e\u00fdelemegi ba\u015farandylar.<\/p>\n<p>2019-njy \u00fdyly\u0148 30-njy no\u00fdabry 10-njy dekabry aralygynda ge\u00e7irilen<\/p>\n<p>sportu\u0148 \u015fa\u00fdbaly hokke\u00fd g\u00f6rn\u00fc\u015fi bo\u00fdun\u00e7a T\u00fcrkmenistany\u0148 Prezidentini\u0148 kubogyny almak ugrundaky \u00fdary\u015fynda 2-nji orny e\u00fdelemegi ba\u015fardylar<\/p>\n<p>2019-2020 \u00fdyllar m\u00f6ws\u00fcminde erkek toparlary\u0148 arasynda T\u00fcrkmenistany\u0148 VII \u00c7empionatynda ba\u00fdrakly orunlaryny\u0148 biri bolan 2-nji orny e\u00fdelemegi ba\u015fardylar.<\/p>\n<p>2020-nji \u00fdyly\u0148 06-njy ma\u00fdyndan 23-ne \u00e7enli aralygynda ge\u00e7irilen 2006-2010-njy \u00fdyllarda doglan t\u00fcrgenleri\u0148 arasynda \u015fa\u00fdbaly hokke\u00fd bo\u00fdun\u00e7a Sport mekdebi\u0148 a\u00e7yk birinjiligini almak ugrundaky \u00fdary\u015fynda 1-nji orna mynasyp bolandygyny, \u00fdary\u015fy\u0148 Kubogyny, hormat hatyny we medaly bilen sylaglanandylar, hem-de ge\u00e7irilen du\u015fu\u015fyklary\u0148 i\u0148 \u00f6kde derwezeban\u00e7ysy, gorag\u00e7ysy, we i\u0148 k\u00f6p hokke\u00fd \u015fa\u00fdbasyny derwez\u00e4 ge\u00e7iren di\u00fden ady ezber hokke\u00fd\u00e7ilermizi\u0148 e\u00fdelemegi ba\u015farandylar.<\/p>\n<p>2022-nji \u00fdyly\u0148 22-27-nji i\u00fduny aralygynda ge\u00e7irilen 2007-2010-njy \u00fdyllarda doglan \u00e7agalar we \u00fdetginjekler t\u00fcrgenleri\u0148 arasynda \u015fa\u00fdbaly hokke\u00fd bo\u00fdun\u00e7a A\u015fgabat \u015f\u00e4herini\u0148 birinjiligini almak ugrundaky \u00fdary\u015fynda 1-nji orna mynasyp\u00a0 bolandygyny, \u00fdary\u015fy\u0148 Kubogyny, hormat hatyny we medaly bilen sylaglanandylar.<\/p>\n<p>Ta\u00fd\u00fdarlan: Ba\u015f t\u00e4lim\u00e7i R.B.Myratguly\u00fdew<\/p>\n","protected":false},"excerpt":{"rendered":"<p>Biz barada \u201c\u015eir\u201d hokke\u00fd klubyny\u0148 Taryhy \u201c\u015eir\u201d hokke\u00fd klubyny\u0148 Taryhy T\u00fcrkmenistany\u0148 S\u00f6wda we da\u015fary ykdysady aragatna\u015fyklar ministrligini\u0148 garamagyndaky S\u00f6wda toplumyna degi\u015fli bolan \u201c\u015eir\u201d hokke\u00fd kluby 2013-nji \u00fdyly\u0148 4-nji martynda hereket edip ba\u015flady we \u015fol wagt ony\u0148 d\u00fcz\u00fcminde 12-13 \u00fda\u015fdan \u00fdokary bolan hokke\u00fd o\u00fdun\u00e7ylary \u00e7yky\u015f ed\u00fd\u00e4rdi. H\u00e4zir olar \u00fdetginjek hokke\u00fd\u00e7ilere \u00f6wr\u00fcldiler. Hokke\u00fd o\u00fdnuna k\u00e4mille\u015fmek bo\u00fdun\u00e7a \u00fdurdumyzda&hellip;&nbsp;<a href=\"http:\/\/shirhokkeyklub.gov.tm\/index.php\/03a0b-fitness-contact\/\" class=\"\" rel=\"bookmark\">\u041f\u043e\u0434\u0440\u043e\u0431\u043d\u0435\u0435 &raquo;<span class=\"screen-reader-text\">Contact<\/span><\/a><\/p>\n","protected":false},"author":1,"featured_media":0,"parent":0,"menu_order":0,"comment_status":"closed","ping_status":"closed","template":"page-templates\/template-pagebuilder-full-width.php","meta":{"neve_meta_sidebar":"","neve_meta_container":"","neve_meta_enable_content_width":"","neve_meta_content_width":70,"neve_meta_title_alignment":"","neve_meta_author_avatar":"","neve_post_elements_order":"","neve_meta_disable_header":"","neve_meta_disable_footer":"","neve_meta_disable_title":"","_ti_tpc_template_sync":false,"_ti_tpc_template_id":"","footnotes":""},"_links":{"self":[{"href":"http:\/\/shirhokkeyklub.gov.tm\/index.php\/wp-json\/wp\/v2\/pages\/51"}],"collection":[{"href":"http:\/\/shirhokkeyklub.gov.tm\/index.php\/wp-json\/wp\/v2\/pages"}],"about":[{"href":"http:\/\/shirhokkeyklub.gov.tm\/index.php\/wp-json\/wp\/v2\/types\/page"}],"author":[{"embeddable":true,"href":"http:\/\/shirhokkeyklub.gov.tm\/index.php\/wp-json\/wp\/v2\/users\/1"}],"replies":[{"embeddable":true,"href":"http:\/\/shirhokkeyklub.gov.tm\/index.php\/wp-json\/wp\/v2\/comments?post=51"}],"version-history":[{"count":11,"href":"http:\/\/shirhokkeyklub.gov.tm\/index.php\/wp-json\/wp\/v2\/pages\/51\/revisions"}],"predecessor-version":[{"id":873,"href":"http:\/\/shirhokkeyklub.gov.tm\/index.php\/wp-json\/wp\/v2\/pages\/51\/revisions\/873"}],"wp:attachment":[{"href":"http:\/\/shirhokkeyklub.gov.tm\/index.php\/wp-json\/wp\/v2\/media?parent=51"}],"curies":[{"name":"wp","href":"https:\/\/api.w.org\/{rel}","templated":true}]}}